{"id":33,"date":"2024-04-17T14:24:28","date_gmt":"2024-04-17T12:24:28","guid":{"rendered":"https:\/\/geschaeftspartner-verzeichnis.info\/?page_id=20"},"modified":"2026-01-30T20:34:43","modified_gmt":"2026-01-30T19:34:43","slug":"start","status":"publish","type":"page","link":"https:\/\/experten-verzeichnis.info\/markus-hecht\/","title":{"rendered":"STARTSEITE von experten-verzeichnis.info\/markus-hecht"},"content":{"rendered":"<p style=\"text-align: right;\"><span style=\"color: #ffffff;\">.<\/span><\/p>\n<h2><span style=\"color: #000000;\"><strong><span style=\"font-size: 22pt;\">Prof. (a.D.) Dr.-Ing. Markus HECHT<\/span><\/strong><\/span><\/h2>\n<p style=\"padding-left: 40px;\"><a href=\"http:\/\/markus-hecht.info\"><img data-dominant-color=\"6f5853\" data-has-transparency=\"false\" style=\"--dominant-color: #6f5853;\" loading=\"lazy\" decoding=\"async\" class=\"alignnone wp-image-1031 size-full not-transparent\" src=\"https:\/\/experten-verzeichnis.info\/markus-hecht\/wp-content\/uploads\/sites\/2\/markus-hecht-info-300-jpg.webp\" alt=\"\" width=\"300\" height=\"417\" srcset=\"https:\/\/experten-verzeichnis.info\/markus-hecht\/wp-content\/uploads\/sites\/2\/markus-hecht-info-300-jpg.webp 300w, https:\/\/experten-verzeichnis.info\/markus-hecht\/wp-content\/uploads\/sites\/2\/markus-hecht-info-300-216x300.webp 216w\" sizes=\"auto, (max-width: 300px) 100vw, 300px\" \/><\/a><br \/>\n<span style=\"color: #ffffff;\">.<\/span><\/p>\n<section class=\" magee-shortcode section magee-section section-sbf25o\" id=\"\"> <div class=\"section-content\"><div class=\"container-fullwidth\"><\/p>\n<div class=\" accordion-u6o7km style2 magee-shortcode panel-group magee-accordion accordion-simple\" role=\"tablist\" aria-multiselectable=\"no\" id=\"accordion-u6o7km\"> <div class=\"panel panel-default \" id=\"panelaccordion-u6o7km-1\"><div class=\"panel-heading\" role=\"tab\" id=\"headingcollapseaccordion-u6o7km-1\">\n\t\t\t\t<a class=\"accordion-toggle collapsed\" data-toggle=\"collapse\" data-parent=\"#accordion-u6o7km\" href=\"#collapseaccordion-u6o7km-1\" aria-expanded=\"false\" aria-controls=\"collapseaccordion-u6o7km-1\">\n\t\t\t\t\t<h4 class=\"panel-title\">\n\t\t\t\t\t\t\tCURRICULUM VITAE\n\t\t\t\t\t<\/h4>\n\t\t\t\t<\/a>\n\t\t\t<\/div>\n\t\t\t<div id=\"collapseaccordion-u6o7km-1\" class=\"panel-collapse collapse \" role=\"tabpanel\" aria-labelledby=\"headingcollapseaccordion-u6o7km-1\" aria-expanded=\"false\">\n\t\t\t\t<div class=\"panel-body\">\n\t\t\t\t\t\n<p style=\"text-align: right;\"><span style=\"color: #ffffff;\">.<\/span><\/p>\n<div data-post-id=\"958\" class=\"insert-page insert-page-958 \"><p>&nbsp;<\/p>\n<blockquote><p>&nbsp;<\/p>\n<p><strong>Prof. (a.d.) Dr.-Ing. Markus Hecht<\/strong> war von 01.06.1997 bis 31.08.2025 Leiter des Fachgebiets Schienenfahrzeuge am Institut f\u00fcr Land- und Seeverkehr der Technischen Universit\u00e4t Berlin t\u00e4tig.<\/p>\n<div class=\"ce-bodytext\">\n<p>1982 bekam er das Diplom in der Rheinisch-Westf\u00e4lischen Technischen Hochschule Aachen im Studiengang Maschinenwesen, Fachrichtung Verkehrstechnik. Er arbeitete als wissenschaftlicher Mitarbeiter und Assistent am Lehrstuhl und Institut f\u00fcr F\u00f6rdertechnik und Schienenfahrzeuge der RWTH Aachen (1982-1987).<\/p>\n<p>1988 promovierte er mit dem Thema Gleislagemessung bei Prof. Frederich.<\/p>\n<p>Von 1988 bis 1997 arbeitete er bei der Schweizerischen Lokomotiv- und Maschinenfabrik AG (SLM), Winterthur, zuletzt als Leiter Messtechnik und Stellvertreter Leiter Engineering und Entwicklung, SLM.<\/p>\n<p>Neben der Lehr- und Forschungst\u00e4tigkeit arbeitet Prof. Hecht in diversen Gremien der Hochschule mit: Institutsrat, Pr\u00fcfungskommission Studienrichtung Verkehrswesen, fallweise Berufungskommissionen.&nbsp; Hochschul\u00fcbergreifend ist er stellvertretender Leiter des Forschungsverbundes \u201eLeiser Verkehr\u201c, Herausgeber der Fachzeitschrift ZEV-Rail Glasers Annalen und Beirat Eisenbahningenieur. In EU-Expertenteam EURNEX ist er Mitglied. 2002 erfolgte die Ernennung zum Advisory Professor der Tongji Universit\u00e4t Shanghai.<\/p>\n<p>Markus Hecht ist Fachgutachter f\u00fcr Schienenfahrzeuge bei der Deutschen und der Schweizerischen Akkreditierungsstelle DAKKS und SAS. Verschiedene Beiratst\u00e4tigkeiten erg\u00e4nzen die Zusammenarbeit mit der Praxis, z.B. Mitglied im ERRAC Strategic Board (ERRAC = European Rail Research Advisory Council) und TIS (technischer Innovationskreis Schieneng\u00fcterverkehr) sowie dem EU Organ NOISE EXPERT GROUP.&nbsp;Seit 2016 Mitglied VDI Fachbeirat Bahntechnik. seit 2016 h\u00e4lt er die Vorlesung &#8222;Rolling Stock&#8220; an der TUM Asia Singapore.<\/p>\n<p>&nbsp;<\/p>\n<hr>\n<p>&nbsp;<\/p>\n<p>Markus Hecht ist EHRENAMTLICH f\u00fcr die Bahnbranche aktiv:<\/p>\n<ul>\n<li>President der internationalen RAILWAY ASSOCIATION e.V.&nbsp;<\/li>\n<\/ul>\n<p style=\"padding-left: 40px;\">Siehe &gt;&gt;&gt; <a class=\"fasc-button fasc-size-medium fasc-type-popout\" style=\"background-color: #ffffff; color: #000000;\" target=\"_blank\" rel=\"noopener\" href=\"https:\/\/railway-association.info\/person\/hecht-markus\/\">https:\/\/railway-association.info\/person\/hecht-markus\/<\/a><\/p>\n<p>&nbsp;<\/p>\n<ul>\n<li>Ehrenvorsitzender vom BAHNVERBAND e.V.<\/li>\n<\/ul>\n<p style=\"padding-left: 40px;\">Siehe &gt;&gt;&gt; <a class=\"fasc-button fasc-size-medium fasc-type-popout\" style=\"background-color: #ffffff; color: #000000;\" target=\"_blank\" rel=\"noopener\" href=\"https:\/\/bahnverband.info\/hecht-markus\/\">https:\/\/bahnverband.info\/hecht-markus\/<\/a><\/p>\n<\/div>\n<p>&nbsp;<\/p><\/blockquote>\n<p>&nbsp;<\/p>\n<p>&nbsp;<\/p>\n<\/div>\n<p>&nbsp;<\/p>\n\n\t\t\t\t\t<div class=\"clear\"><\/div>\n\t\t\t\t<\/div>\n\t\t\t<\/div>\n\t\t<\/div> <\/div>\n<p><\/div><\/div> <\/section>\n<p style=\"text-align: right;\"><span style=\"color: #ffffff;\">.<\/span><\/p>\n<section class=\" magee-shortcode section magee-section section-peg7oj\" id=\"\"> <div class=\"section-content\"><div class=\"container-fullwidth\"><\/p>\n<div class=\" accordion-9utijg style2 magee-shortcode panel-group magee-accordion accordion-simple\" role=\"tablist\" aria-multiselectable=\"no\" id=\"accordion-9utijg\"> <div class=\"panel panel-default \" id=\"panelaccordion-9utijg-1\"><div class=\"panel-heading\" role=\"tab\" id=\"headingcollapseaccordion-9utijg-1\">\n\t\t\t\t<a class=\"accordion-toggle collapsed\" data-toggle=\"collapse\" data-parent=\"#accordion-9utijg\" href=\"#collapseaccordion-9utijg-1\" aria-expanded=\"false\" aria-controls=\"collapseaccordion-9utijg-1\">\n\t\t\t\t\t<h4 class=\"panel-title\">\n\t\t\t\t\t\t\tMEHR INFORMATIONEN\n\t\t\t\t\t<\/h4>\n\t\t\t\t<\/a>\n\t\t\t<\/div>\n\t\t\t<div id=\"collapseaccordion-9utijg-1\" class=\"panel-collapse collapse \" role=\"tabpanel\" aria-labelledby=\"headingcollapseaccordion-9utijg-1\" aria-expanded=\"false\">\n\t\t\t\t<div class=\"panel-body\">\n\t\t\t\t\t\n<p style=\"text-align: right;\"><span style=\"color: #ffffff;\">.<\/span><\/p>\n<div data-post-id=\"990\" class=\"insert-page insert-page-990 \"><p style=\"text-align: right;\"><span style=\"color: #ffffff;\">.<\/span><\/p>\n<blockquote>\n<p style=\"text-align: right;\"><span style=\"color: #ffffff;\">.<\/span><\/p>\n<blockquote><p><a class=\"fasc-button fasc-size-medium fasc-type-flat fasc-style-bold\" style=\"background-color: #808080; color: #ffffff;\" target=\"_blank\" rel=\"noopener\" href=\"https:\/\/www.tu.berlin\/schienenfzg\/ueber-uns\/leitung\">TECHNISCHE UNIVERSIT\u00c4T Berlin (TU)<\/a><\/p>\n<p><a class=\"fasc-button fasc-size-medium fasc-type-flat\" style=\"background-color: #ffffff; color: #000000;\" target=\"_blank\" href=\"https:\/\/www.tu.berlin\/schienenfzg\/ueber-uns\/team\/ehemaliges-personal\">Ehemaliger Fachgebietsleiter (von 01.06.1997 bis 31.08.2025)<\/a><a class=\"fasc-button fasc-size-medium fasc-type-flat\" style=\"background-color: #ffffff; color: #000000;\" target=\"_blank\" href=\"https:\/\/www.tu.berlin\/schienenfzg\/\">FG Schienenfahrzeuge<\/a><\/p><\/blockquote>\n<p style=\"text-align: right;\"><span style=\"color: #ffffff;\">.<\/span><\/p>\n<hr>\n<p style=\"text-align: right;\"><span style=\"color: #ffffff;\">.<\/span><\/p>\n<blockquote><p><a class=\"fasc-button fasc-size-medium fasc-type-flat fasc-style-bold\" style=\"background-color: #808080; color: #ffffff;\" target=\"_blank\" rel=\"noopener\" href=\"https:\/\/bahnverband.info\/hecht-markus\/\">BAHNVERBAND e.V.<\/a><\/p>\n<p><a class=\"fasc-button fasc-size-medium fasc-type-flat\" style=\"background-color: #ffffff; color: #000000;\" target=\"_blank\" rel=\"noopener\" href=\"https:\/\/bahnverband.info\/hecht-markus\/\">Beiratsvorsitzender<\/a><\/p><\/blockquote>\n<p style=\"text-align: right;\"><span style=\"color: #ffffff;\">.<\/span><\/p>\n<hr>\n<p style=\"text-align: right;\"><span style=\"color: #ffffff;\">.<\/span><\/p>\n<blockquote><p><a class=\"fasc-button fasc-size-medium fasc-type-flat fasc-style-bold\" style=\"background-color: #808080; color: #ffffff;\" target=\"_blank\" rel=\"noopener\" href=\"https:\/\/railway-association.info\/executive-board\/\">RAILWAY ASSOCIATION e.V.<\/a><\/p>\n<p><a class=\"fasc-button fasc-size-medium fasc-type-flat\" style=\"background-color: #ffffff; color: #000000;\" target=\"_blank\" rel=\"noopener\" href=\"https:\/\/railway-association.info\/executive-board\/\">President<\/a><\/p><\/blockquote>\n<p style=\"text-align: right;\"><span style=\"color: #ffffff;\">.<\/span><\/p>\n<hr>\n<p style=\"text-align: right;\"><span style=\"color: #ffffff;\">.<\/span><\/p>\n<blockquote><p><a class=\"fasc-button fasc-size-medium fasc-type-flat fasc-style-bold\" style=\"background-color: #808080; color: #ffffff;\" target=\"_blank\" rel=\"noopener\" href=\"https:\/\/unternehmen.bvg.de\/management\/\">BERLINER VERKEHRSBETRIEBE (BVG) &#8211; A\u00f6R<\/a><\/p>\n<p><a class=\"fasc-button fasc-size-medium fasc-type-flat\" style=\"background-color: #ffffff; color: #000000;\" target=\"_blank\" rel=\"noopener\" href=\"https:\/\/unternehmen.bvg.de\/management\/\">Mitglied im Aufsichtsrat<\/a><\/p><\/blockquote>\n<p style=\"text-align: right;\"><span style=\"color: #ffffff;\">.<\/span><\/p>\n<hr>\n<p style=\"text-align: right;\"><span style=\"color: #ffffff;\">.<\/span><\/p>\n<\/blockquote>\n<p style=\"text-align: right;\"><span style=\"color: #ffffff;\">.<\/span><\/p>\n<p>&nbsp;<\/p>\n<\/div>\n<p style=\"text-align: right;\"><span style=\"color: #ffffff;\">.<\/span><\/p>\n<p style=\"text-align: right;\"><span style=\"color: #ffffff;\">.<\/span><\/p>\n\n\t\t\t\t\t<div class=\"clear\"><\/div>\n\t\t\t\t<\/div>\n\t\t\t<\/div>\n\t\t<\/div> <\/div>\n<p><\/div><\/div> <\/section>\n<p style=\"text-align: right;\"><span style=\"color: #ffffff;\">.<\/span><\/p>\n<section class=\" magee-shortcode section magee-section section-p2xlro\" id=\"\"> <div class=\"section-content\"><div class=\"container-fullwidth\"><\/p>\n<div class=\" accordion-vq0exq style2 magee-shortcode panel-group magee-accordion accordion-simple\" role=\"tablist\" aria-multiselectable=\"no\" id=\"accordion-vq0exq\"> <div class=\"panel panel-default \" id=\"panelaccordion-vq0exq-1\"><div class=\"panel-heading\" role=\"tab\" id=\"headingcollapseaccordion-vq0exq-1\">\n\t\t\t\t<a class=\"accordion-toggle \" data-toggle=\"collapse\" data-parent=\"#accordion-vq0exq\" href=\"#collapseaccordion-vq0exq-1\" aria-expanded=\"true\" aria-controls=\"collapseaccordion-vq0exq-1\">\n\t\t\t\t\t<h4 class=\"panel-title\">\n\t\t\t\t\t\t\tKONTAKT\n\t\t\t\t\t<\/h4>\n\t\t\t\t<\/a>\n\t\t\t<\/div>\n\t\t\t<div id=\"collapseaccordion-vq0exq-1\" class=\"panel-collapse collapse in\" role=\"tabpanel\" aria-labelledby=\"headingcollapseaccordion-vq0exq-1\" aria-expanded=\"true\">\n\t\t\t\t<div class=\"panel-body\">\n\t\t\t\t\t\n<p>&nbsp;<\/p>\n<div data-post-id=\"984\" class=\"insert-page insert-page-984 \"><p>&nbsp;<\/p>\n<p style=\"text-align: right;\"><span style=\"color: #ffffff;\">.<\/span><\/p>\n<blockquote>\n<p style=\"text-align: right;\"><span style=\"color: #ffffff;\">.<\/span><\/p>\n<p><strong>Prof. (a.d.) Dr.-Ing. Markus HECHT<\/strong><\/p>\n<p style=\"padding-left: 40px;\">\n<p>&nbsp;<\/p>\n<p class=\"mail\"><a class=\"art-button\" href=\"mailto:email@markus-hecht.info\" target=\"_blank\" rel=\"noopener\" data-mailto-token=\"kygjrm8kypisq,fcafrYrs+zcpjgl,bc\" data-mailto-vector=\"-2\">email@markus-hecht.info<\/a><\/p>\n<p>&nbsp;<\/p>\n<p><a class=\"art-button\" href=\"https:\/\/markus-hecht.info\" target=\"_blank\" rel=\"noopener\">https:\/\/markus-hecht.info<\/a><\/p>\n<p style=\"text-align: right;\"><span style=\"color: #ffffff;\">.<\/span><\/p>\n<\/blockquote>\n<p style=\"text-align: right;\"><span style=\"color: #ffffff;\">.<\/span><\/p>\n<\/div>\n<p>&nbsp;<\/p>\n\n\t\t\t\t\t<div class=\"clear\"><\/div>\n\t\t\t\t<\/div>\n\t\t\t<\/div>\n\t\t<\/div> <\/div>\n<p><\/div><\/div> <\/section>\n<p style=\"text-align: right;\"><span style=\"color: #ffffff;\">.<\/span><\/p>\n<p style=\"text-align: right;\"><span style=\"color: #ffffff;\">.<\/span><\/p>\n<p style=\"text-align: right;\"><a href=\"https:\/\/markus-hecht.info\"><img loading=\"lazy\" decoding=\"async\" class=\"magee-shortcode magee-qrcode\" src=\"https:\/\/experten-verzeichnis.info\/markus-hecht\/wp-content\/plugins\/magee-shortcodes\/Includes\/qrcode-image.php?size=400&fgcolor=000000&bgcolor=FFFFFF&content=https:\/\/markus-hecht.info\" alt=\"markus-hecht.info\" width=\"400\" height=\"400\" \/><\/a><\/p>\n<p style=\"text-align: right;\"><span style=\"color: #ffffff;\">.<\/span><\/p>\n<p style=\"text-align: right;\"><span style=\"color: #ffffff;\">.<\/span><\/p>\n","protected":false},"excerpt":{"rendered":"<p>. Prof. (a.D.) Dr.-Ing. Markus HECHT . . . . . . .<\/p>\n","protected":false},"author":1,"featured_media":0,"parent":0,"menu_order":0,"comment_status":"closed","ping_status":"closed","template":"","meta":{"footnotes":""},"class_list":["post-33","page","type-page","status-publish","hentry"],"_links":{"self":[{"href":"https:\/\/experten-verzeichnis.info\/markus-hecht\/wp-json\/wp\/v2\/pages\/33","targetHints":{"allow":["GET"]}}],"collection":[{"href":"https:\/\/experten-verzeichnis.info\/markus-hecht\/wp-json\/wp\/v2\/pages"}],"about":[{"href":"https:\/\/experten-verzeichnis.info\/markus-hecht\/wp-json\/wp\/v2\/types\/page"}],"author":[{"embeddable":true,"href":"https:\/\/experten-verzeichnis.info\/markus-hecht\/wp-json\/wp\/v2\/users\/1"}],"replies":[{"embeddable":true,"href":"https:\/\/experten-verzeichnis.info\/markus-hecht\/wp-json\/wp\/v2\/comments?post=33"}],"version-history":[{"count":2,"href":"https:\/\/experten-verzeichnis.info\/markus-hecht\/wp-json\/wp\/v2\/pages\/33\/revisions"}],"predecessor-version":[{"id":1086,"href":"https:\/\/experten-verzeichnis.info\/markus-hecht\/wp-json\/wp\/v2\/pages\/33\/revisions\/1086"}],"wp:attachment":[{"href":"https:\/\/experten-verzeichnis.info\/markus-hecht\/wp-json\/wp\/v2\/media?parent=33"}],"curies":[{"name":"wp","href":"https:\/\/api.w.org\/{rel}","templated":true}]}}